{"id":77,"date":"2013-02-21T12:22:05","date_gmt":"2013-02-21T12:22:05","guid":{"rendered":"http:\/\/isdoc2013.wordpress.com\/?page_id=77"},"modified":"2013-06-08T21:50:31","modified_gmt":"2013-06-08T21:50:31","slug":"program-committe","status":"publish","type":"page","link":"http:\/\/eurosigdoc.acm.org\/isdoc\/program-committe\/","title":{"rendered":"Committee"},"content":{"rendered":"<p><span style=\"text-decoration: underline;\">General co-chairs:<\/span><\/p>\n<ul>\n<li>Carlos J. Costa, ISCTE-IUL, Portugal<\/li>\n<li>Manuela Aparicio, Adetti-IUL\/ISCTE-IUL, Portugal<\/li>\n<\/ul>\n<p><span style=\"text-decoration: underline;\">Program Committee:<\/span><\/p>\n<ul>\n<li>Carlos J. Costa, ISCTE-IUL, Portugal (Program Chair)<\/li>\n<li>Ana Rita Rem\u00edgio, APCOMTEC, Portugal<\/li>\n<li>Andrea Kohlhase, Jacobs University Bremen, Germany<\/li>\n<li>Andreas Karatsolis, Carnegie Mellon University, Qatar<\/li>\n<li>Aristidis Protopsaltis, Institut f\u00fcr Lern-Innovation Friedrich-Alexander-Universit\u00e4t Erlangen-N\u00fcrnberg, Germany<\/li>\n<li>Brad Mehlenbacher, North Carolina State University, USA<\/li>\n<li>Biju Sayed, Dhofar University, Oman<\/li>\n<li>Dorian Gorgan, Computer Science Department, Technical University of Cluj-Napoca, Romania<\/li>\n<li>Fernando Bacao, ISEGI Universidade Nova de Lisboa, Portugal<\/li>\n<li>Fernando Cesar Balbino, Unilins &#8211; University of Lins (SP), Brazil<\/li>\n<li>Hanne Westh Nicolajsen, Aalborg University Copenhagen, Denmark<\/li>\n<li>Helmut Voullieme, Ostfalia University of Applied Sciences, Germany<\/li>\n<li>Isabel Pedrosa, Polytechnic Institute of Coimbra, Portugal<\/li>\n<li>Jeffrey Koh, Department Editor (XRDS) at Association for Computing Machinery, Singapore<\/li>\n<li>Joana Lessa, Universidade do Algarve, Portugal<\/li>\n<li>Joaquim Baptista, Altitude Software, Portugal<\/li>\n<li>Joaquim Reis, ISCTE-IUL, Portugal<\/li>\n<li>Junia Anacleto, Federal University of S\u00e3o Carlos, Brazil<\/li>\n<li>Kathy Haramundanis, HP, USA<\/li>\n<li>Liza Potts, Michigan State University, USA<\/li>\n<li>Manuela\u00a0 Aparicio, ADETTI-IUL\/ISCTE-IUL, Portugal<\/li>\n<li>Maria Barrulas, INOV, Lisboa, Portugal<\/li>\n<li>Marco Winckler, ICS-IRIT, Universit\u00e9 Paul Sabatier, France<\/li>\n<li>Pedro Costa, IADE, Portugal<\/li>\n<li>Reiko Hishiyama, Waseda University, Japan<\/li>\n<li>Renata Fortes, ICMC\/USP, Brazil<\/li>\n<li>Rob Pierce, IBM, USA<\/li>\n<li>Sarah Mount, University of Wolverhampton, UK<\/li>\n<li>Valentina Tim\u010denko, Mihajlo Pupin Institute, IMP Telecommunications, Serbia<\/li>\n<li>Vania Neris, Federal University of S\u00e3o Carlos, Brazil<\/li>\n<\/ul>\n<p>[list not complete]<\/p>\n","protected":false},"excerpt":{"rendered":"<p>General co-chairs: Carlos J. Costa, ISCTE-IUL, Portugal Manuela Aparicio, Adetti-IUL\/ISCTE-IUL, Portugal Program Committee: Carlos J. Costa, ISCTE-IUL, Portugal (Program Chair) Ana Rita Rem\u00edgio, APCOMTEC, Portugal Andrea Kohlhase, Jacobs University Bremen, Germany Andreas Karatsolis, Carnegie Mellon University, Qatar Aristidis Protopsaltis, Institut f\u00fcr Lern-Innovation Friedrich-Alexander-Universit\u00e4t Erlangen-N\u00fcrnberg, Germany Brad Mehlenbacher, North Carolina State [&hellip;]<\/p>\n","protected":false},"author":3,"featured_media":0,"parent":0,"menu_order":4,"comment_status":"closed","ping_status":"closed","template":"","meta":{"footnotes":""},"_links":{"self":[{"href":"http:\/\/eurosigdoc.acm.org\/isdoc\/wp-json\/wp\/v2\/pages\/77"}],"collection":[{"href":"http:\/\/eurosigdoc.acm.org\/isdoc\/wp-json\/wp\/v2\/pages"}],"about":[{"href":"http:\/\/eurosigdoc.acm.org\/isdoc\/wp-json\/wp\/v2\/types\/page"}],"author":[{"embeddable":true,"href":"http:\/\/eurosigdoc.acm.org\/isdoc\/wp-json\/wp\/v2\/users\/3"}],"replies":[{"embeddable":true,"href":"http:\/\/eurosigdoc.acm.org\/isdoc\/wp-json\/wp\/v2\/comments?post=77"}],"version-history":[{"count":4,"href":"http:\/\/eurosigdoc.acm.org\/isdoc\/wp-json\/wp\/v2\/pages\/77\/revisions"}],"predecessor-version":[{"id":299,"href":"http:\/\/eurosigdoc.acm.org\/isdoc\/wp-json\/wp\/v2\/pages\/77\/revisions\/299"}],"wp:attachment":[{"href":"http:\/\/eurosigdoc.acm.org\/isdoc\/wp-json\/wp\/v2\/media?parent=77"}],"curies":[{"name":"wp","href":"https:\/\/api.w.org\/{rel}","templated":true}]}}