{"id":34,"date":"2013-11-15T13:54:50","date_gmt":"2013-11-15T13:54:50","guid":{"rendered":"http:\/\/eurosigdoc.acm.org\/isdoc2014\/?page_id=34"},"modified":"2014-05-14T14:03:34","modified_gmt":"2014-05-14T14:03:34","slug":"program-committee","status":"publish","type":"page","link":"http:\/\/eurosigdoc.acm.org\/isdoc2014\/program-committee\/","title":{"rendered":"Committees"},"content":{"rendered":"<ul>\n<li><strong>Conference chairs:<\/strong><\/li>\n<li>Carlos J. Costa, Instituto Universit\u00e1rio de Lisboa (ISCTE-IUL),Portugal<\/li>\n<li>Manuela Aparicio, Instituto Universit\u00e1rio de Lisboa (ISCTE-IUL),Portugal<\/li>\n<\/ul>\n<ul>\n<li><strong>Organization Committee<\/strong><\/li>\n<li>Ab\u00edlio Oliveira, Instituto Universit\u00e1rio de Lisboa (ISCTE-IUL),Portugal<\/li>\n<li>Ba\u00falio Alturas, Instituto Universit\u00e1rio de Lisboa (ISCTE-IUL),Portugal<\/li>\n<li>Joaquim Baptista, Altitude Software, Portugal<\/li>\n<li>Pedro Costa, IADE, Portugal<\/li>\n<\/ul>\n<ul>\n<li><strong>Program Chair:<\/strong><\/li>\n<li>Carlos J. Costa, Instituto Universit\u00e1rio de Lisboa (ISCTE-IUL),Portugal<\/li>\n<\/ul>\n<ul>\n<li><strong>Program Committee<\/strong><\/li>\n<li>Alexandra Albuquerque, ISCAP, Polytechnic Institute of Porto, Portugal<\/li>\n<li>Alfredo Matos, Caixa M\u00e1gica, Portugal<\/li>\n<li>Ana Remigio, APCOMTEC, Portugal<\/li>\n<li>Anders I. M\u00f8rch, University of Oslo; Norway<\/li>\n<li>Andrea Kohlhase, Jacobs University Bremen, Germany<\/li>\n<li>Andreas Karatsolis, MIT, USA<\/li>\n<li>Aristidis Protopsaltis, Institut f\u00fcr Lern-Innovation Friedrich-Alexander-Universit\u00e4t Erlangen-N\u00fcrnberg, Germany<\/li>\n<li>Carlos J. Costa, Instituto Universit\u00e1rio de Lisboa (ISCTE-IUL),Portugal<\/li>\n<li>Carlos Coutinho, Caixa Magica, Portugal<\/li>\n<li>Christina Amcoff Nystr\u00f6m, Mid Sweden University, Sweden<\/li>\n<li>David Megias, UOC, Spain<\/li>\n<li>Dorian Gorgan, Computer Science Department, Technical University of Cluj-Napoca Cluj-Napoca, Romania<\/li>\n<li>Fernando Bacao, ISEGI, Universidade Nova de Lisboa, Portugal<\/li>\n<li>Fernando Cesar Balbino, Unilins &#8211; University of Lins (SP) and Fatec &#8211; College of Technology of Ara\u00e7atuba (SP), Brazil<\/li>\n<li>Hamid Ali Alasadi, University of Basra, Iraq.<\/li>\n<li>Hotniar Siringoringo, Gunadarma University, Indonisia<\/li>\n<li>Isabel Pedrosa, ISCAC &#8211; Polytechnic Institute of Coimbra, Portugal<\/li>\n<li>Jeffrey Koh, NIEA, COFA, University of New South Wales, Australia<\/li>\n<li>Joana Lessa, FAUTL-CIAUD e UALG, Portugal<\/li>\n<li>Jo\u00e3o Carlos Ros\u00e1rio, ESCS &#8211; Polytechnic Institute of Lisboa, Portugal<\/li>\n<li>Joaquim Baptista, Altitude Software, Portugal<\/li>\n<li>Joaquim Reis, Instituto Universit\u00e1rio de Lisboa (ISCTE-IUL), Portugal<\/li>\n<li>Junia Anacleto, Federal University of Sao Carlos, Brazil<\/li>\n<li>Kathy Haramundanis, Hewlett-Packard Co., USA<\/li>\n<li>Lena-maria \u00d6berg, Mid Sweden University, Sweden<\/li>\n<li>Lom Hillah,University of Paris , France<\/li>\n<li>Manuela Aparicio, Instituto Universit\u00e1rio de Lisboa (ISCTE-IUL),Portugal<\/li>\n<li>Marco Winckler, ICS-IRIT, Universit\u00e9 Paul Sabtier, France<\/li>\n<li>Maria Barrulas, INOV, Portugal<\/li>\n<li>M\u00e1rio Rom\u00e3o,ISEG \u2013 Lisboa School of Economics &amp; Management, Lisbon University, Portugal<\/li>\n<li>Miguel Salles Dias, Microsoft, Portugal<\/li>\n<li>Pedro Costa, IADE, Portugal<\/li>\n<li>Pedro Faria Lopes, Instituto Universit\u00e1rio de Lisboa (ISCTE-IUL), Portugal<\/li>\n<li>Pedro Isa\u00edas, Universidade Aberta, Portugal<\/li>\n<li>Pedro Nunes Costa, ISCAC &#8211; Polytechnic Institute of Coimbra, Portugal<\/li>\n<li>Reiko Hishiyama, Waseda University, Japan<\/li>\n<li>Renata Fortes, ICMC\/USP, Brazil<\/li>\n<li>Sarah Mount, University of Wolverhampton, UK<\/li>\n<li>Tero Paivarinta, Lule\u00e5 University of Technology, Sweden<\/li>\n<li>Valentina Timcenko, Institute Mihailo Pupin, Serbia<\/li>\n<\/ul>\n<p><em>Program Committee is not complete.<\/em><\/p>\n","protected":false},"excerpt":{"rendered":"<p>Conference chairs: Carlos J. Costa, Instituto Universit\u00e1rio de Lisboa (ISCTE-IUL),Portugal Manuela Aparicio, Instituto Universit\u00e1rio de Lisboa (ISCTE-IUL),Portugal Organization Committee Ab\u00edlio Oliveira, Instituto Universit\u00e1rio de Lisboa (ISCTE-IUL),Portugal Ba\u00falio Alturas, Instituto Universit\u00e1rio de Lisboa (ISCTE-IUL),Portugal Joaquim Baptista, Altitude Software, Portugal Pedro Costa, IADE, Portugal Program Chair: Carlos J. Costa, Instituto Universit\u00e1rio de Lisboa (ISCTE-IUL),Portugal Program Committee Alexandra &hellip; <a href=\"http:\/\/eurosigdoc.acm.org\/isdoc2014\/program-committee\/\" class=\"more-link\">Continue reading <span class=\"screen-reader-text\">Committees<\/span> <span class=\"meta-nav\">&rarr;<\/span><\/a><\/p>\n","protected":false},"author":1,"featured_media":0,"parent":0,"menu_order":0,"comment_status":"closed","ping_status":"closed","template":"","meta":{"footnotes":""},"_links":{"self":[{"href":"http:\/\/eurosigdoc.acm.org\/isdoc2014\/wp-json\/wp\/v2\/pages\/34"}],"collection":[{"href":"http:\/\/eurosigdoc.acm.org\/isdoc2014\/wp-json\/wp\/v2\/pages"}],"about":[{"href":"http:\/\/eurosigdoc.acm.org\/isdoc2014\/wp-json\/wp\/v2\/types\/page"}],"author":[{"embeddable":true,"href":"http:\/\/eurosigdoc.acm.org\/isdoc2014\/wp-json\/wp\/v2\/users\/1"}],"replies":[{"embeddable":true,"href":"http:\/\/eurosigdoc.acm.org\/isdoc2014\/wp-json\/wp\/v2\/comments?post=34"}],"version-history":[{"count":21,"href":"http:\/\/eurosigdoc.acm.org\/isdoc2014\/wp-json\/wp\/v2\/pages\/34\/revisions"}],"predecessor-version":[{"id":160,"href":"http:\/\/eurosigdoc.acm.org\/isdoc2014\/wp-json\/wp\/v2\/pages\/34\/revisions\/160"}],"wp:attachment":[{"href":"http:\/\/eurosigdoc.acm.org\/isdoc2014\/wp-json\/wp\/v2\/media?parent=34"}],"curies":[{"name":"wp","href":"https:\/\/api.w.org\/{rel}","templated":true}]}}